{"id":1226,"date":"2017-06-21T16:53:24","date_gmt":"2017-06-21T16:53:24","guid":{"rendered":"http:\/\/sydney.is\/about-us\/"},"modified":"2017-07-03T20:15:25","modified_gmt":"2017-07-03T20:15:25","slug":"about-us","status":"publish","type":"page","link":"https:\/\/metanoiacorp.com\/es\/about-us\/","title":{"rendered":"Nuestra Empresa"},"content":{"rendered":"<h1>\n\t\tMetanoia<br \/>\n\t<\/h1>\n<h1>\n\t\tGreek: \u02ccme-t\u0259-\u02c8no\u0307i-\u0259<br \/>\n\t<\/h1>\n<h3>\n\t\t Cambio en nuestro pensamiento y enfoque<br \/>\n\t<\/h3>\n<h3>\n\t\tTransformando lo Est\u00e1tico en Interactivo<br \/>\n\t<\/h3>\n<p>Por m\u00e1s de 16 a\u00f1os, Metanoia ha transformado la manera en que las empresas <em>enfrentan<\/em> el mantenimiento y la confiabilidad. \u00a0Hemos publicado Cat\u00e1logos de Partes Interactivos para proyectos cr\u00edticos en BHP Biliton, Philip Morris y Gold Corp, entre muchos otros. Fue trabajando con estas grandes corporaciones que identificamos una gran brecha en el mercado para este tipo de soluciones. La industria demandaba una soluci\u00f3n robusta, flexible y eficiente, por lo que desarrollamos Asset Information Center (AIC).<\/p>\n<p>AIC fue creado teniendo a sus usuarios en mente y ofrece herramientas y una flexibilidad sin precedentes. Sus usuarios acceden a una interfaz gr\u00e1fica para f\u00e1cilmente encontrar repuestos y r\u00e1pidamete completar Ordenes de Trabajo en cualquier ERP reconocido (SAP, Maximo, Oracle, Fiix, Cogep etc.).<\/p>\n<p>Invitamos a los Operadores y Fabricantes de Equipos a darle la bienvenida a nuestro &#8216;<em>cambio de pensamiento y enfoque&#8217;<\/em><strong><em>\u00a0<\/em><\/strong> en relaci\u00f3n a la administraci\u00f3n de activos.<\/p>\n<p>\t\t16<\/p>\n<h5>\n\t\tA\u00f1os publicando Cat\u00e1logos<br \/>\n\t<\/h5>\n<p>\t\t1,216,400<\/p>\n<h5>\n\t\tP\u00e1ginas Convertidas<br \/>\n\t<\/h5>\n<p>\t\t86<\/p>\n<h5>\n\t\tClientes en todo el Mundo<br \/>\n\t<\/h5>\n<p>\t\t3,100<\/p>\n<h5>\n\t\tClientes Satisfechos<br \/>\n\t<\/h5>\n<h3>\n\t\t\t\tPresencia a Nivel Mundia<br \/>\n\t\t\t<\/h3>\n<p>Metanoia es una empresa global, con oficinas, partners y clientes en todo el mundo. \u00a0Metanoia opera bajo un modelo de casa matriz dual, con sedes principales tanto en Estados Unidos como en Chile. Con esto buscamos ofrecerle a nuestros clientes cercan\u00eda y recursos locales, en m\u00faltiples idiomas, a trav\u00e9s de todo el mundo.<\/p>\n<p>\t\t\t\t<img decoding=\"async\" src=\"https:\/\/metanoiacorp.com\/wp-content\/uploads\/2016\/10\/Global-metanoia-locations-map.jpg\" alt=\"Metanoia Locations Map world\" \/><\/p>\n<h4>\n\t\t&#8220;Nuestros clientes est\u00e1n en el coraz\u00f3n de nuestro negocio.  Valoramos nuestra relaci\u00f3n con cada uno de ellos m\u00e1s que ninguna otra cosa. Metanoia y AIC continuar\u00e1n creciendo gracias sus ense\u00f1anazas y nuestro cont\u00ednuo aprendizaje.&#8221;<br \/>\n\t<\/h4>\n<h3>\n\t\t&#8211; Esteban Castro. CEO, Metanoia.<br \/>\n\t<\/h3>","protected":false},"excerpt":{"rendered":"<p>Metanoia Greek: \u02ccme-t\u0259-\u02c8no\u0307i-\u0259 Cambio en nuestro pensamiento y enfoque Transformando lo Est\u00e1tico en Interactivo Por m\u00e1s de 16 a\u00f1os, Metanoia ha transformado la manera en que las empresas enfrentan el mantenimiento y la confiabilidad. \u00a0Hemos publicado Cat\u00e1logos de Partes Interactivos para proyectos cr\u00edticos en BHP Biliton, Philip Morris y Gold Corp, entre muchos otros. Fue&hellip;<\/p>","protected":false},"author":121,"featured_media":0,"parent":0,"menu_order":0,"comment_status":"closed","ping_status":"closed","template":"","meta":{"_seopress_robots_primary_cat":"","_seopress_titles_title":"","_seopress_titles_desc":"","_seopress_robots_index":"","inline_featured_image":false,"footnotes":""},"tags":[],"class_list":["post-1226","page","type-page","status-publish","hentry"],"_links":{"self":[{"href":"https:\/\/metanoiacorp.com\/es\/wp-json\/wp\/v2\/pages\/1226","targetHints":{"allow":["GET"]}}],"collection":[{"href":"https:\/\/metanoiacorp.com\/es\/wp-json\/wp\/v2\/pages"}],"about":[{"href":"https:\/\/metanoiacorp.com\/es\/wp-json\/wp\/v2\/types\/page"}],"author":[{"embeddable":true,"href":"https:\/\/metanoiacorp.com\/es\/wp-json\/wp\/v2\/users\/121"}],"replies":[{"embeddable":true,"href":"https:\/\/metanoiacorp.com\/es\/wp-json\/wp\/v2\/comments?post=1226"}],"version-history":[{"count":0,"href":"https:\/\/metanoiacorp.com\/es\/wp-json\/wp\/v2\/pages\/1226\/revisions"}],"wp:attachment":[{"href":"https:\/\/metanoiacorp.com\/es\/wp-json\/wp\/v2\/media?parent=1226"}],"wp:term":[{"taxonomy":"post_tag","embeddable":true,"href":"https:\/\/metanoiacorp.com\/es\/wp-json\/wp\/v2\/tags?post=1226"}],"curies":[{"name":"wp","href":"https:\/\/api.w.org\/{rel}","templated":true}]}}