{"id":13,"date":"2016-10-07T07:07:38","date_gmt":"2016-10-07T07:07:38","guid":{"rendered":"http:\/\/sydney.is\/samplesite\/?page_id=13"},"modified":"2021-05-13T12:39:27","modified_gmt":"2021-05-13T18:39:27","slug":"about-us-2","status":"publish","type":"page","link":"https:\/\/metanoiacorp.com\/es\/about-us-2\/","title":{"rendered":"Nuestra Empresa"},"content":{"rendered":"<h1>\n\t\tMetanoia\n\t<\/h1>\n<h1>\n\t\tGreek: \u02ccme-t\u0259-\u02c8no\u0307i-\u0259\n\t<\/h1>\n<h3>\n\t\tA transformational change in one&#8217;s thinking and approach\n\t<\/h3>\n<h3>\n\t\tTransformando lo Est\u00e1tico en Interactivo\n\t<\/h3>\n\t<p>For 20+ years, Metanoia has transformed the way businesses <em>look<\/em> at maintenance and reliability. \u00a0We&#8217;ve built Interactive Parts Catalogs for mission-critical projects at BHP Biliton, PhilipMorris and Gold Corp, amongst many others. \u00a0While fine-tuning our process for content conversion, we identified a\u00a0massive gap in the marketplace for IPCs. \u00a0The industry demanded a robust, flexible and cost-effective method to manage and access their equipment information, so we created Asset Information Center.<\/p>\n<p>AIC was built with its users in mind and offers unparalleled flexibility and features. \u00a0It&#8217;s users get access to a rich interface to easily find their MRO Spares and quickly populate Work Orders in any major ERP (SAP, Maximo, Oracle, Fiix, Cogep etc.).<\/p>\n<p>We encourage all Operators and OEMs to welcome our &#8216;<em>transformational change in thinking and approach&#8217;<\/em><strong><em>\u00a0<\/em><\/strong>when it comes to asset management.<\/p>\n\t\t20\n<h5>\n\t\tA\u00f1os publicando Cat\u00e1logos\n\t<\/h5>\n\t\t2,200,000\n<h5>\n\t\tP\u00e1ginas Convertidas\n\t<\/h5>\n\t\t86\n<h5>\n\t\tClientes en todo el Mundo\n\t<\/h5>\n\t\t120,000\n<h5>\n\t\tClientes Satisfechos\n\t<\/h5>\n\t<h3>\n\t\t\t\tPresencia a Nivel Mundia\n\t\t\t<\/h3>\n\t\t<p>Metanoia es una empresa global, con oficinas, partners y clientes en todo el mundo.  Metanoia opera bajo un modelo de casa matriz dual, con sedes principales tanto en Estados Unidos como en Chile. Con esto buscamos ofrecerle a nuestros clientes cercan\u00eda y recursos locales, en m\u00faltiples idiomas, a trav\u00e9s de todo el mundo.<\/p>\t\n\t\t\t\t<img decoding=\"async\" src=\"https:\/\/metanoiacorp.com\/wp-content\/uploads\/2016\/10\/Global-metanoia-locations-map.jpg\" alt=\"Metanoia Locations Map world\" title=\"Global metanoia locations map\" itemprop=\"image\"\/>\n\t\t<h4>\n\t\t&#8220;Our customers are the heart of our business. We value our relationships with them more than anything else. Metanoia and AIC will continue to grow by partnering and learning from all of them.&#8221;\n\t<\/h4>\n<h3>\n\t\t&#8211; Esteban Castro. CEO, Metanoia.\n\t<\/h3>","protected":false},"excerpt":{"rendered":"<p>Metanoia Greek: \u02ccme-t\u0259-\u02c8no\u0307i-\u0259 A transformational change in one&#8217;s thinking and approach Transforming Static to Interactive For 20+ years, Metanoia has transformed the way businesses look at maintenance and reliability. \u00a0We&#8217;ve built Interactive Parts Catalogs for mission-critical projects at BHP Biliton, PhilipMorris and Gold Corp, amongst many others. \u00a0While fine-tuning our process for content conversion, we&hellip;<\/p>","protected":false},"author":121,"featured_media":0,"parent":0,"menu_order":0,"comment_status":"closed","ping_status":"closed","template":"","meta":{"_seopress_robots_primary_cat":"","_seopress_titles_title":"Metanoia definition and company overview","_seopress_titles_desc":"Metanoia definition: a fundamental change in one's thinking and approach. Example: Maintenance teams have a Metanoia when quickly find parts with AIC","_seopress_robots_index":"","inline_featured_image":false,"footnotes":""},"tags":[],"class_list":["post-13","page","type-page","status-publish","hentry"],"_links":{"self":[{"href":"https:\/\/metanoiacorp.com\/es\/wp-json\/wp\/v2\/pages\/13","targetHints":{"allow":["GET"]}}],"collection":[{"href":"https:\/\/metanoiacorp.com\/es\/wp-json\/wp\/v2\/pages"}],"about":[{"href":"https:\/\/metanoiacorp.com\/es\/wp-json\/wp\/v2\/types\/page"}],"author":[{"embeddable":true,"href":"https:\/\/metanoiacorp.com\/es\/wp-json\/wp\/v2\/users\/121"}],"replies":[{"embeddable":true,"href":"https:\/\/metanoiacorp.com\/es\/wp-json\/wp\/v2\/comments?post=13"}],"version-history":[{"count":3,"href":"https:\/\/metanoiacorp.com\/es\/wp-json\/wp\/v2\/pages\/13\/revisions"}],"predecessor-version":[{"id":1768,"href":"https:\/\/metanoiacorp.com\/es\/wp-json\/wp\/v2\/pages\/13\/revisions\/1768"}],"wp:attachment":[{"href":"https:\/\/metanoiacorp.com\/es\/wp-json\/wp\/v2\/media?parent=13"}],"wp:term":[{"taxonomy":"post_tag","embeddable":true,"href":"https:\/\/metanoiacorp.com\/es\/wp-json\/wp\/v2\/tags?post=13"}],"curies":[{"name":"wp","href":"https:\/\/api.w.org\/{rel}","templated":true}]}}