{"id":1555,"date":"2019-12-04T21:09:29","date_gmt":"2019-12-04T21:09:29","guid":{"rendered":"http:\/\/sydney.is\/?page_id=1555"},"modified":"2021-05-13T12:34:40","modified_gmt":"2021-05-13T18:34:40","slug":"operators","status":"publish","type":"page","link":"https:\/\/metanoiacorp.com\/es\/solucion-2\/operators\/","title":{"rendered":"Operators"},"content":{"rendered":"<img decoding=\"async\" src=\"https:\/\/metanoiacorp.com\/wp-content\/uploads\/2016\/10\/AIC-new.png\" alt=\"Asset Information Center AIC Logo Interactive Parts Catalog Graphical\" title=\"AIC Logo Asset Information Center\" itemprop=\"image\"  \/>\n<h1>\n\t\tOperators\n\t<\/h1>\n\t<p>AIC Transforma la manera en que los operadores de equipos crean, gestionan y acceden a su informaci\u00f3n de activos. Utilizando cualquier aparato (Computador, Tablet, Tel\u00e9fono) los usuarios r\u00e1pidamente y sin errores identifican partes y las env\u00edan a sus \u00f3rdenes de trabajo y tareas, con la potencialidad de acceder a cualquier documentaci\u00f3n que se requiera a trav\u00e9s del proceso.<\/p>\n<p>To make this happen, Metanoia&#8217;s world-class services team creates Interactive Bills of Materials (BOMs) from static parts catalogs for any type of asset.\u00a0 This improves and revamps the asset data itself by creating BOMs linked to visual diagrams, and provides the organization with an easy path towards ISO 55,001 Section 7.5 certification.<\/p>\n\t<h2>Identifica<\/h2>\n<p>Navegue a trav\u00e9s de BOMs Interactivos o utilice b\u00fasquedas avanzadas tipo Google para identificar partes, documentos asociados e informaci\u00f3n en l\u00ednea de su ERP (Stock, ubicaci\u00f3n en bodega, precios, etc.)<\/p>\n<p>AIC&#8217;s open-API architecture allows for easy integration with your existing business systems (ERP, EAM\/CMMS, DMS, CMS, dealer portals, etc.) and can syndicate the content to users on any device, both online and offline.<\/p>\n\t<h2>Mayor Eficiencia<\/h2>\n<p>Mejore la informaci\u00f3n de partes y optimice sus procesos con un sistema creado espec\u00edficamente para la Gesti\u00f3n de Informaci\u00f3n de Activos.<\/p>\n<p>The combination of AIC and Metanoia&#8217;s asset data services help operators with the following:<\/p>\n<ul>\n<li>Reducci\u00f3n de inventario de un 10%, mejorando los niveles de min\/max.<\/li>\n<li>Identificando y enviando informaci\u00f3n hacia el ERP\/CMMS un 80% m\u00e1s r\u00e1pido.<\/li>\n<li>Disminuyendo dr\u00e1sticamente el Tiempo Medio de Reparaci\u00f3n.<\/li>\n<li>Acceso a conceptos de confiabilidad por ubicaci\u00f3n.<\/li>\n<\/ul>\n\t<h2>Refina<\/h2>\n<p>Genere instancias de feedback, procesos integrados y mejore los traspasos de informaci\u00f3n para asegurar que la informaci\u00f3n de de activos sea siempre certera y actualizada.<\/p>\n<p>AIC is purpose-built for Asset Information Management and offers many ways to automate or streamline the management of asset data.\u00a0 This, when coupled with Metanoia&#8217;s services on retainer, transforms the way operators manage and trust their data.<\/p>\n\n<h2>\n\t\tDEMO: AGREGUE PARTES A \u00d3RDENES DE TRABAJO EN CUALQUIER ERP\/CMMS\n\t<\/h2>\n\t<iframe loading=\"lazy\" title=\"Interactive parts for SAP with AIC integration\" src=\"https:\/\/player.vimeo.com\/video\/361102098?dnt=1&amp;app_id=122963\" width=\"500\" height=\"333\" frameborder=\"0\" allow=\"autoplay; fullscreen\" allowfullscreen><\/iframe>\n<h2>\n\t\tCOMO LO HACEMOS\n\t<\/h2>\n\t\t<h6><a href=\"\/es\/whitepaper\/interactive-parts-catalog-overview\/\" target=\"_self\" rel=\"noopener\">Publicaci\u00f3n<\/a><\/h6>\t\t\n\t\t\t<p>Metanoia&#8217;s world-class service team will create Interactive BOMs from parts catalogs.\u00a0 Metanoia also creates customized processes to automate catalog creation from CAD files and other sources.<\/p>\n\t\t<h6><a href=\"\/es\/whitepaper\/interactive-parts-catalog-overview\/\" target=\"_self\" rel=\"noopener\">Centralizaci\u00f3n<\/a><\/h6>\t\t\n\t\t\t<p>AIC&#8217;s open-API architecture allows for easy integration with various systems.\u00a0 This empowers customers with the ability to pull and push rich information, from a variety of locations, into a centralized interface.<\/p>\n\t\t<h6><a href=\"\/es\/whitepaper\/interactive-parts-catalog-overview\/\" target=\"_self\" rel=\"noopener\">Gesti\u00f3n<\/a><\/h6>\t\t\n\t\t\t<p>AIC est\u00e1 creado espec\u00edficamente para la Gesti\u00f3n de Informaci\u00f3n de Activos, haciendo que los procesos, de otra manera redundantes, sean fluidos. Los usuarios aprovechan su capacidad para actualizar f\u00e1cilmente informaci\u00f3n global o local, rastrear cambios en los n\u00fameros de partes, acceder a informaci\u00f3n ERP en tiempo real y m\u00e1s.<\/p>\n<h2>\n\t\tCARACTER\u00cdSTICAS y BENEFICIOS\n\t<\/h2>\n\t\t<nav>\n\t\t\t<ul>\n\t\t\t\t\t\t\t\t<li data-index=\"0\">\n\t\t\t\t\t\n\t\t\t\t\t\t<a href=\"javascript:void(0);\">Servicio Completo<\/a>\n\t\t\t\t\t\n\t\t\t\t<\/li>\n\t\t\t\t\t\t\t\t<li data-index=\"1\">\n\t\t\t\t\t\n\t\t\t\t\t\t<a href=\"javascript:void(0);\">Cat\u00e1logos de Partes Interactivos<\/a>\n\t\t\t\t\t\n\t\t\t\t<\/li>\n\t\t\t\t\t\t\t\t<li data-index=\"2\">\n\t\t\t\t\t\n\t\t\t\t\t\t<a href=\"javascript:void(0);\"> B\u00fasquedas Visuales y al Estilo Google<\/a>\n\t\t\t\t\t\n\t\t\t\t<\/li>\n\t\t\t\t\t\t\t\t<li data-index=\"3\">\n\t\t\t\t\t\n\t\t\t\t\t\t<a href=\"javascript:void(0);\">Acceso a Informaci\u00f3n Documental<\/a>\n\t\t\t\t\t\n\t\t\t\t<\/li>\n\t\t\t\t\t\t\t\t<li data-index=\"4\">\n\t\t\t\t\t\n\t\t\t\t\t\t<a href=\"javascript:void(0);\">Independiente de EAM<\/a>\n\t\t\t\t\t\n\t\t\t\t<\/li>\n\t\t\t\t\t\t\t<\/ul>\n\t\t<\/nav>\n\t\t\t\t\t\n\t\t\t\t\t\t\t\t\t\t\t\tServicio Completo\n\t\t\t\t\t\t\t\t\t\t\t\n\t\t\t\t\t<div class=\"fl-builder-content fl-builder-content-1147 fl-builder-template fl-builder-row-template fl-builder-global-templates-locked\" data-post-id=\"1147\"><div class=\"fl-row fl-row-full-width fl-row-bg-none fl-node-59095d9141371 fl-row-default-height fl-row-align-center\" data-node=\"59095d9141371\">\n\t<div class=\"fl-row-content-wrap\">\n\t\t\t\t\t\t\t\t<div class=\"fl-row-content fl-row-full-width fl-node-content\">\n\t\t\n<div class=\"fl-col-group fl-node-59095d91411c7 fl-col-group-custom-width\" data-node=\"59095d91411c7\">\n\t\t\t<div class=\"fl-col fl-node-59095d9141218 fl-col-bg-color fl-col-small\" data-node=\"59095d9141218\">\n\t<div class=\"fl-col-content fl-node-content\"><div class=\"fl-module fl-module-uabb-photo fl-node-59095d91412ae\" data-node=\"59095d91412ae\">\n\t<div class=\"fl-module-content fl-node-content\">\n\t\t<div class=\"uabb-module-content uabb-photouabb-photo-align-center uabb-photo-mob-align-center\" itemscope itemtype=\"https:\/\/schema.org\/ImageObject\">\n\t<div class=\"uabb-photo-content\">\n\n\t\t\t\t<img loading=\"lazy\" decoding=\"async\" width=\"800\" height=\"549\" class=\"uabb-photo-img wp-image-1096 size-medium\" src=\"https:\/\/metanoiacorp.com\/wp-content\/uploads\/2016\/10\/We-Do-IT-all-pyramid-800x549.png\" alt=\"Metanoia Interactive Parts catalog services software content conversion\" title=\"We Do IT all pyramid\" itemprop=\"image\" srcset=\"https:\/\/metanoiacorp.com\/wp-content\/uploads\/2016\/10\/We-Do-IT-all-pyramid-800x549.png 800w, https:\/\/metanoiacorp.com\/wp-content\/uploads\/2016\/10\/We-Do-IT-all-pyramid-768x527.png 768w, https:\/\/metanoiacorp.com\/wp-content\/uploads\/2016\/10\/We-Do-IT-all-pyramid.png 1030w\" sizes=\"auto, (max-width: 800px) 100vw, 800px\" \/>\n\n\t\t\t\t\t<\/div>\n\t<\/div>\n\t<\/div>\n<\/div>\n<\/div>\n<\/div>\n\t\t\t<div class=\"fl-col fl-node-59095d914126b fl-col-bg-color fl-col-small fl-col-small-custom-width\" data-node=\"59095d914126b\">\n\t<div class=\"fl-col-content fl-node-content\"><div class=\"fl-module fl-module-heading fl-node-59095d91412ef\" data-node=\"59095d91412ef\">\n\t<div class=\"fl-module-content fl-node-content\">\n\t\t<h4 class=\"fl-heading\">\n\t\t<span class=\"fl-heading-text\">Servicio Completo<\/span>\n\t<\/h4>\n\t<\/div>\n<\/div>\n<div class=\"fl-module fl-module-rich-text fl-node-59095d9141331\" data-node=\"59095d9141331\">\n\t<div class=\"fl-module-content fl-node-content\">\n\t\t<div class=\"fl-rich-text\">\n\t<p>Metanoia ofrece un software robusto y una amplia gama de servicios para ofrecer una soluci\u00f3n completa llave en mano. Ninguna otra compa\u00f1\u00eda en el mundo ofrece el desarrollo, implementaci\u00f3n, servicios y capacitaci\u00f3n para migrar completamente desde modelos est\u00e1ticos a un modelo interactivo, respecto a la informaci\u00f3n de piezas.<\/p>\n<\/div>\n\t<\/div>\n<\/div>\n<\/div>\n<\/div>\n\t<\/div>\n\t\t<\/div>\n\t<\/div>\n<\/div>\n<\/div><div class=\"uabb-js-breakpoint\" style=\"display: none;\"><\/div>\t\t\t\t\n\t\t\t\t\t\n\t\t\t\t\t\t\t\t\t\t\t\tCat\u00e1logos de Partes Interactivos\n\t\t\t\t\t\t\t\t\t\t\t\n\t\t\t\t\t<div class=\"fl-builder-content fl-builder-content-1110 fl-builder-template fl-builder-row-template fl-builder-global-templates-locked\" data-post-id=\"1110\"><div class=\"fl-row fl-row-full-width fl-row-bg-none fl-node-58fda653737a9 fl-row-default-height fl-row-align-center\" data-node=\"58fda653737a9\">\n\t<div class=\"fl-row-content-wrap\">\n\t\t\t\t\t\t\t\t<div class=\"fl-row-content fl-row-full-width fl-node-content\">\n\t\t\n<div class=\"fl-col-group fl-node-58fda6537363d fl-col-group-custom-width\" data-node=\"58fda6537363d\">\n\t\t\t<div class=\"fl-col fl-node-58fda65373682 fl-col-bg-color fl-col-small\" data-node=\"58fda65373682\">\n\t<div class=\"fl-col-content fl-node-content\"><div class=\"fl-module fl-module-uabb-photo fl-node-58fda653736fe\" data-node=\"58fda653736fe\">\n\t<div class=\"fl-module-content fl-node-content\">\n\t\t<div class=\"uabb-module-content uabb-photouabb-photo-align-center uabb-photo-mob-align-center\" itemscope itemtype=\"https:\/\/schema.org\/ImageObject\">\n\t<div class=\"uabb-photo-content\">\n\n\t\t\t\t<img loading=\"lazy\" decoding=\"async\" width=\"586\" height=\"375\" class=\"uabb-photo-img wp-image-777 size-full\" src=\"https:\/\/metanoiacorp.com\/wp-content\/uploads\/2016\/07\/01.jpg\" alt=\"01\" title=\"01\" itemprop=\"image\"  \/>\n\n\t\t\t\t\t<\/div>\n\t<\/div>\n\t<\/div>\n<\/div>\n<\/div>\n<\/div>\n\t\t\t<div class=\"fl-col fl-node-58fda653736c4 fl-col-bg-color fl-col-small fl-col-small-custom-width\" data-node=\"58fda653736c4\">\n\t<div class=\"fl-col-content fl-node-content\"><div class=\"fl-module fl-module-heading fl-node-58fda65373737\" data-node=\"58fda65373737\">\n\t<div class=\"fl-module-content fl-node-content\">\n\t\t<h4 class=\"fl-heading\">\n\t\t<span class=\"fl-heading-text\">Cat\u00e1logos de Partes Interactivos<\/span>\n\t<\/h4>\n\t<\/div>\n<\/div>\n<div class=\"fl-module fl-module-rich-text fl-node-58fda65373770\" data-node=\"58fda65373770\">\n\t<div class=\"fl-module-content fl-node-content\">\n\t\t<div class=\"fl-rich-text\">\n\t<div id=\"fws_58fd9ce1f0235\" class=\"wpb_row vc_row-fluid vc_row full-width-section vc_row-o-equal-height vc_row-flex standard_section\" data-midnight=\"dark\" data-bg-mobile-hidden=\"\">\n<div class=\"col span_12 dark left\">\n<div class=\"vc_col-sm-12 wpb_column column_container col no-extra-padding instance-2\" data-bg-cover=\"\" data-padding-pos=\"all\" data-has-bg-color=\"false\" data-bg-color=\"\" data-bg-opacity=\"1\" data-hover-bg=\"\" data-hover-bg-opacity=\"1\" data-animation=\"\" data-delay=\"0\">\n<div class=\"wpb_wrapper\">\n<div class=\"wpb_content_element pestanas\" data-interval=\"0\">\n<div class=\"wpb_wrapper tabbed clearfix\" data-style=\"default\" data-alignment=\"center\">\n<div id=\"tab-find-the-right-part-at-the-right-time\" class=\"wpb_tab ui-tabs-panel wpb_ui-tabs-hide clearfix\">\n<div id=\"fws_58fd9ce1f3f24\" class=\"wpb_row vc_row-fluid vc_row standard_section\" data-midnight=\"\" data-bg-mobile-hidden=\"\">\n<div class=\"col span_12\">\n<div class=\"vc_col-sm-6 wpb_column column_container col no-extra-padding instance-4\" data-padding-pos=\"all\" data-has-bg-color=\"false\" data-bg-color=\"\" data-bg-opacity=\"1\" data-hover-bg=\"\" data-hover-bg-opacity=\"1\" data-animation=\"\" data-delay=\"0\">\n<div class=\"wpb_wrapper\">\n<div class=\"wpb_text_column wpb_content_element vc_custom_1473701424254\">\n<div class=\"wpb_wrapper\">\n<p>Identifique gr\u00e1ficamente las piezas, verifique su stock disponible y complete f\u00e1cilmente las \u00f3rdenes de trabajo.<\/p>\n<p>AIC serves as a single point of reference for stocked and non-stocked items, which can be accessed on a phone, tablet or computer.<\/p>\n<\/div>\n<\/div>\n<\/div>\n<\/div>\n<\/div>\n<\/div>\n<\/div>\n<\/div>\n<\/div>\n<\/div>\n<\/div>\n<\/div>\n<\/div>\n<div id=\"fws_58fd9ce2039d4\" class=\"wpb_row vc_row-fluid vc_row full-width-section standard_section\" data-midnight=\"light\" data-bg-mobile-hidden=\"\"><\/div>\n<\/div>\n\t<\/div>\n<\/div>\n<\/div>\n<\/div>\n\t<\/div>\n\t\t<\/div>\n\t<\/div>\n<\/div>\n<\/div><div class=\"uabb-js-breakpoint\" style=\"display: none;\"><\/div>\t\t\t\t\n\t\t\t\t\t\n\t\t\t\t\t\t\t\t\t\t\t\t B\u00fasquedas Visuales y al Estilo Google\n\t\t\t\t\t\t\t\t\t\t\t\n\t\t\t\t\t<div class=\"fl-builder-content fl-builder-content-1111 fl-builder-template fl-builder-row-template fl-builder-global-templates-locked\" data-post-id=\"1111\"><div class=\"fl-row fl-row-full-width fl-row-bg-none fl-node-58fda663633c7 fl-row-default-height fl-row-align-center\" data-node=\"58fda663633c7\">\n\t<div class=\"fl-row-content-wrap\">\n\t\t\t\t\t\t\t\t<div class=\"fl-row-content fl-row-full-width fl-node-content\">\n\t\t\n<div class=\"fl-col-group fl-node-58fda6636322f fl-col-group-custom-width\" data-node=\"58fda6636322f\">\n\t\t\t<div class=\"fl-col fl-node-58fda66363285 fl-col-bg-color fl-col-small\" data-node=\"58fda66363285\">\n\t<div class=\"fl-col-content fl-node-content\"><div class=\"fl-module fl-module-uabb-photo fl-node-58fda66363318\" data-node=\"58fda66363318\">\n\t<div class=\"fl-module-content fl-node-content\">\n\t\t<div class=\"uabb-module-content uabb-photouabb-photo-align-center uabb-photo-mob-align-center\" itemscope itemtype=\"https:\/\/schema.org\/ImageObject\">\n\t<div class=\"uabb-photo-content\">\n\n\t\t\t\t<img loading=\"lazy\" decoding=\"async\" width=\"586\" height=\"375\" class=\"uabb-photo-img wp-image-779 size-full\" src=\"https:\/\/metanoiacorp.com\/wp-content\/uploads\/2016\/07\/02.jpg\" alt=\"02\" title=\"02\" itemprop=\"image\"  \/>\n\n\t\t\t\t\t<\/div>\n\t<\/div>\n\t<\/div>\n<\/div>\n<\/div>\n<\/div>\n\t\t\t<div class=\"fl-col fl-node-58fda663632dc fl-col-bg-color fl-col-small fl-col-small-custom-width\" data-node=\"58fda663632dc\">\n\t<div class=\"fl-col-content fl-node-content\"><div class=\"fl-module fl-module-heading fl-node-58fda66363352\" data-node=\"58fda66363352\">\n\t<div class=\"fl-module-content fl-node-content\">\n\t\t<h4 class=\"fl-heading\">\n\t\t<span class=\"fl-heading-text\">B\u00fasquedas Visuales y al Estilo Google<\/span>\n\t<\/h4>\n\t<\/div>\n<\/div>\n<div class=\"fl-module fl-module-rich-text fl-node-58fda6636338c\" data-node=\"58fda6636338c\">\n\t<div class=\"fl-module-content fl-node-content\">\n\t\t<div class=\"fl-rich-text\">\n\t<div id=\"fws_58fd9ce1f0235\" class=\"wpb_row vc_row-fluid vc_row full-width-section vc_row-o-equal-height vc_row-flex standard_section\" data-midnight=\"dark\" data-bg-mobile-hidden=\"\">\n<div class=\"col span_12 dark left\">\n<div class=\"vc_col-sm-12 wpb_column column_container col no-extra-padding instance-2\" data-bg-cover=\"\" data-padding-pos=\"all\" data-has-bg-color=\"false\" data-bg-color=\"\" data-bg-opacity=\"1\" data-hover-bg=\"\" data-hover-bg-opacity=\"1\" data-animation=\"\" data-delay=\"0\">\n<div class=\"wpb_wrapper\">\n<div class=\"wpb_content_element pestanas\" data-interval=\"0\">\n<div class=\"wpb_wrapper tabbed clearfix\" data-style=\"default\" data-alignment=\"center\">\n<div id=\"tab-find-the-right-part-at-the-right-time\" class=\"wpb_tab ui-tabs-panel wpb_ui-tabs-hide clearfix\">\n<div id=\"fws_58fd9ce1f3f24\" class=\"wpb_row vc_row-fluid vc_row standard_section\" data-midnight=\"\" data-bg-mobile-hidden=\"\">\n<div class=\"col span_12\">\n<div class=\"vc_col-sm-6 wpb_column column_container col no-extra-padding instance-4\" data-padding-pos=\"all\" data-has-bg-color=\"false\" data-bg-color=\"\" data-bg-opacity=\"1\" data-hover-bg=\"\" data-hover-bg-opacity=\"1\" data-animation=\"\" data-delay=\"0\">\n<div class=\"wpb_wrapper\">\n<div class=\"wpb_text_column wpb_content_element vc_custom_1473701424254\">\n<div class=\"wpb_wrapper\">\n<p>Navegue a trav\u00e9s de despieces y los diagramas de flujo del proceso o utilice una b\u00fasqueda similar a Google para identificar cualquier pieza de equipo, ensamble o parte.<\/p>\n<p>Nuestra B\u00fasqueda inteligente permite a los usuarios encontrar f\u00e1cilmente equipos o partes, tan solo con informaci\u00f3n limitada, que se muestran a gran velocidad.<\/p>\n<\/div>\n<\/div>\n<\/div>\n<\/div>\n<\/div>\n<\/div>\n<\/div>\n<\/div>\n<\/div>\n<\/div>\n<\/div>\n<\/div>\n<\/div>\n<\/div>\n\t<\/div>\n<\/div>\n<\/div>\n<\/div>\n\t<\/div>\n\t\t<\/div>\n\t<\/div>\n<\/div>\n<\/div><div class=\"uabb-js-breakpoint\" style=\"display: none;\"><\/div>\t\t\t\t\n\t\t\t\t\t\n\t\t\t\t\t\t\t\t\t\t\t\tAcceso a Informaci\u00f3n Documental\n\t\t\t\t\t\t\t\t\t\t\t\n\t\t\t\t\t<div class=\"fl-builder-content fl-builder-content-1112 fl-builder-template fl-builder-row-template fl-builder-global-templates-locked\" data-post-id=\"1112\"><div class=\"fl-row fl-row-full-width fl-row-bg-none fl-node-58fda6760f7ef fl-row-default-height fl-row-align-center\" data-node=\"58fda6760f7ef\">\n\t<div class=\"fl-row-content-wrap\">\n\t\t\t\t\t\t\t\t<div class=\"fl-row-content fl-row-full-width fl-node-content\">\n\t\t\n<div class=\"fl-col-group fl-node-58fda6760f677 fl-col-group-custom-width\" data-node=\"58fda6760f677\">\n\t\t\t<div class=\"fl-col fl-node-58fda6760f6be fl-col-bg-color fl-col-small\" data-node=\"58fda6760f6be\">\n\t<div class=\"fl-col-content fl-node-content\"><div class=\"fl-module fl-module-uabb-photo fl-node-58fda6760f73f\" data-node=\"58fda6760f73f\">\n\t<div class=\"fl-module-content fl-node-content\">\n\t\t<div class=\"uabb-module-content uabb-photouabb-photo-align-center uabb-photo-mob-align-center\" itemscope itemtype=\"https:\/\/schema.org\/ImageObject\">\n\t<div class=\"uabb-photo-content\">\n\n\t\t\t\t<img loading=\"lazy\" decoding=\"async\" width=\"586\" height=\"375\" class=\"uabb-photo-img wp-image-866 size-full\" src=\"https:\/\/metanoiacorp.com\/wp-content\/uploads\/2016\/07\/Docs.jpg\" alt=\"AIC Docs omni-channel Documents SAP\" title=\"AIC Docs Screenshot\" itemprop=\"image\"  \/>\n\n\t\t\t\t\t<\/div>\n\t<\/div>\n\t<\/div>\n<\/div>\n<\/div>\n<\/div>\n\t\t\t<div class=\"fl-col fl-node-58fda6760f702 fl-col-bg-color fl-col-small fl-col-small-custom-width\" data-node=\"58fda6760f702\">\n\t<div class=\"fl-col-content fl-node-content\"><div class=\"fl-module fl-module-heading fl-node-58fda6760f77a\" data-node=\"58fda6760f77a\">\n\t<div class=\"fl-module-content fl-node-content\">\n\t\t<h4 class=\"fl-heading\">\n\t\t<span class=\"fl-heading-text\">Acceso a Informaci\u00f3n Documental<\/span>\n\t<\/h4>\n\t<\/div>\n<\/div>\n<div class=\"fl-module fl-module-rich-text fl-node-58fda6760f7b4\" data-node=\"58fda6760f7b4\">\n\t<div class=\"fl-module-content fl-node-content\">\n\t\t<div class=\"fl-rich-text\">\n\t<p>AIC Docs proporciona un \u00fanico punto de acceso para toda la documentaci\u00f3n t\u00e9cnica (procedimientos, fichas t\u00e9cnicas, manuales del fabricante, diagramas, etc.).<\/p>\n<p>Los usuarios pueden acceder a documentos desde cualquier Sistema de gesti\u00f3n de documentos (como Sharepoint o Documentum), Servidor de archivos o fuentes en l\u00ednea que se relacionen con equipos, ensambles o piezas espec\u00edficos<\/p>\n<\/div>\n\t<\/div>\n<\/div>\n<\/div>\n<\/div>\n\t<\/div>\n\t\t<\/div>\n\t<\/div>\n<\/div>\n<\/div><div class=\"uabb-js-breakpoint\" style=\"display: none;\"><\/div>\t\t\t\t\n\t\t\t\t\t\n\t\t\t\t\t\t\t\t\t\t\t\tIndependiente de EAM\n\t\t\t\t\t\t\t\t\t\t\t\n\t\t\t\t\t<div class=\"fl-builder-content fl-builder-content-1113 fl-builder-template fl-builder-row-template fl-builder-global-templates-locked\" data-post-id=\"1113\"><div class=\"fl-row fl-row-full-width fl-row-bg-none fl-node-58fda68791b87 fl-row-default-height fl-row-align-center\" data-node=\"58fda68791b87\">\n\t<div class=\"fl-row-content-wrap\">\n\t\t\t\t\t\t\t\t<div class=\"fl-row-content fl-row-full-width fl-node-content\">\n\t\t\n<div class=\"fl-col-group fl-node-58fda687919e0 fl-col-group-custom-width\" data-node=\"58fda687919e0\">\n\t\t\t<div class=\"fl-col fl-node-58fda68791a29 fl-col-bg-color fl-col-small\" data-node=\"58fda68791a29\">\n\t<div class=\"fl-col-content fl-node-content\"><div class=\"fl-module fl-module-uabb-photo fl-node-58fda68791aac\" data-node=\"58fda68791aac\">\n\t<div class=\"fl-module-content fl-node-content\">\n\t\t<div class=\"uabb-module-content uabb-photouabb-photo-align-center uabb-photo-mob-align-center\" itemscope itemtype=\"https:\/\/schema.org\/ImageObject\">\n\t<div class=\"uabb-photo-content\">\n\n\t\t\t\t<img loading=\"lazy\" decoding=\"async\" width=\"570\" height=\"320\" class=\"uabb-photo-img wp-image-1217 size-full\" src=\"https:\/\/metanoiacorp.com\/wp-content\/uploads\/2017\/04\/AIC-EAM-Agnostic.jpg\" alt=\"AIC EAM Agnostic\" title=\"AIC EAM Agnostic\" itemprop=\"image\"  \/>\n\n\t\t\t\t\t<\/div>\n\t<\/div>\n\t<\/div>\n<\/div>\n<\/div>\n<\/div>\n\t\t\t<div class=\"fl-col fl-node-58fda68791a6f fl-col-bg-color fl-col-small fl-col-small-custom-width\" data-node=\"58fda68791a6f\">\n\t<div class=\"fl-col-content fl-node-content\"><div class=\"fl-module fl-module-heading fl-node-58fda68791ae9\" data-node=\"58fda68791ae9\">\n\t<div class=\"fl-module-content fl-node-content\">\n\t\t<h4 class=\"fl-heading\">\n\t\t<span class=\"fl-heading-text\">Independiente de EAM<\/span>\n\t<\/h4>\n\t<\/div>\n<\/div>\n<div class=\"fl-module fl-module-rich-text fl-node-58fda68791b2f\" data-node=\"58fda68791b2f\">\n\t<div class=\"fl-module-content fl-node-content\">\n\t\t<div class=\"fl-rich-text\">\n\t<p>Mediante una interfaz de programaci\u00f3n de aplicaciones (API) abierta, AIC se puede configurar para integrarse con cualquier EAM, como Oracle EAM, IBM Maximo, SAP, JDE, Fiix, Cogep u OSSuite.<\/p>\n<p>AIC tambi\u00e9n puede cerrar la brecha entre las bases de datos EAM aisladas, al proporcionar a los usuarios una vista \u00fanica de informaci\u00f3n de activos y partes de cualquier fuente.<\/p>\n<\/div>\n\t<\/div>\n<\/div>\n<\/div>\n<\/div>\n\t<\/div>\n\t\t<\/div>\n\t<\/div>\n<\/div>\n<\/div><div class=\"uabb-js-breakpoint\" style=\"display: none;\"><\/div>\t\t\t\t\n\t\t\t\t\t<!-- \/content -->\n\t<!-- \/tabs -->","protected":false},"excerpt":{"rendered":"<p>Operators AIC transforms the way Operators create, manage, and access asset information.\u00a0 With any device, users quickly identify parts and accurately submit them to Work Orders and Tasks, with the ability to access any documentation they need along the way. To make this happen, Metanoia&#8217;s world-class services team creates Interactive Bills of Materials (BOMs) from&hellip;<\/p>","protected":false},"author":1,"featured_media":0,"parent":23,"menu_order":0,"comment_status":"closed","ping_status":"closed","template":"","meta":{"_seopress_robots_primary_cat":"","_seopress_titles_title":"Asset Information Center Solution","_seopress_titles_desc":"Metanoia provides an Interactive Parts Catalog and content conversion services to transform static parts information into actionable data for maintenance","_seopress_robots_index":"","inline_featured_image":false,"footnotes":""},"tags":[],"class_list":["post-1555","page","type-page","status-publish","hentry"],"_links":{"self":[{"href":"https:\/\/metanoiacorp.com\/es\/wp-json\/wp\/v2\/pages\/1555","targetHints":{"allow":["GET"]}}],"collection":[{"href":"https:\/\/metanoiacorp.com\/es\/wp-json\/wp\/v2\/pages"}],"about":[{"href":"https:\/\/metanoiacorp.com\/es\/wp-json\/wp\/v2\/types\/page"}],"author":[{"embeddable":true,"href":"https:\/\/metanoiacorp.com\/es\/wp-json\/wp\/v2\/users\/1"}],"replies":[{"embeddable":true,"href":"https:\/\/metanoiacorp.com\/es\/wp-json\/wp\/v2\/comments?post=1555"}],"version-history":[{"count":7,"href":"https:\/\/metanoiacorp.com\/es\/wp-json\/wp\/v2\/pages\/1555\/revisions"}],"predecessor-version":[{"id":1764,"href":"https:\/\/metanoiacorp.com\/es\/wp-json\/wp\/v2\/pages\/1555\/revisions\/1764"}],"up":[{"embeddable":true,"href":"https:\/\/metanoiacorp.com\/es\/wp-json\/wp\/v2\/pages\/23"}],"wp:attachment":[{"href":"https:\/\/metanoiacorp.com\/es\/wp-json\/wp\/v2\/media?parent=1555"}],"wp:term":[{"taxonomy":"post_tag","embeddable":true,"href":"https:\/\/metanoiacorp.com\/es\/wp-json\/wp\/v2\/tags?post=1555"}],"curies":[{"name":"wp","href":"https:\/\/api.w.org\/{rel}","templated":true}]}}