{"id":1559,"date":"2019-12-04T21:11:11","date_gmt":"2019-12-04T21:11:11","guid":{"rendered":"http:\/\/sydney.is\/?page_id=1559"},"modified":"2021-10-04T11:56:22","modified_gmt":"2021-10-04T17:56:22","slug":"equipment-manufacturers","status":"publish","type":"page","link":"https:\/\/metanoiacorp.com\/es\/solucion-2\/equipment-manufacturers\/","title":{"rendered":"Fabricantes de Equipos"},"content":{"rendered":"<img decoding=\"async\" src=\"https:\/\/metanoiacorp.com\/wp-content\/uploads\/2016\/10\/AIC-new.png\" alt=\"Asset Information Center AIC Logo Interactive Parts Catalog Graphical\" title=\"AIC Logo Asset Information Center\" itemprop=\"image\"  \/>\n<h1>\n\t\tFabricantes de Equipos\n\t<\/h1>\n\t<p>Asset Information Center (AIC) es una aplicaci\u00f3n utilizada por los fabricantes de equipos originales (OEM) para visualizar informaci\u00f3n de activos para clientes y distribuidores. El sistema de partes interactivas proporciona un entorno f\u00e1cil de usar para identificar piezas, llenar un carro de compras, acceder a documentos y generar pedidos de ventas.<\/p>\n\t\t<h6>Experiencia de Cliente sin Igual<\/h6>\t\t\n\t\t\t<p>AIC ofrece una experiencia de compra que los clientes modernos demandan de los OEM.<\/p>\n<p>Con un tel\u00e9fono, tablet o PC, los clientes pueden buscar partes r\u00e1pidamente, agregarlas a un carro de compras y generar pedidos de ventas; todo mientras accede f\u00e1cilmente a datos importantes de varias fuentes dentro del flujo de compras.<\/p>\n\t\t<h6>Enfoque de Mejores Pr\u00e1cticas<\/h6>\t\t\n\t\t\t<p>AIC&#8217;s open-API architecture allows for easy integration with your existing business systems (ERP, Content Management System, Dealership Management System, Document management system, etc.)<\/p>\n<p>Esta culminaci\u00f3n visual de los datos entrega y nutre a los clientes con informaci\u00f3n rica, con fuente en distintos sistemas, todo volcado en una interfaz centralizada.<\/p>\n\t\t<h6>Aumento Significativo de Ganancias<\/h6>\t\t\n\t\t\t<p>AIC aumenta las ganancias al aumentar las ventas de repuestos, de accesorios y aumenta la satisfacci\u00f3n del cliente. Al tiempo que reduce los costos generales asociados con los procesos de pedidos de ventas intensivos en mano de obra (centros de llamadas, procesamiento de correo electr\u00f3nico, soporte de concesionario, etc.)<\/p>\n<p>Make your company stand above the rest with AIC&#8217;s modern &amp; advanced capabilities.<\/p>\n\t\t\t\t<img loading=\"lazy\" decoding=\"async\" src=\"https:\/\/metanoiacorp.com\/wp-content\/uploads\/2016\/10\/AIC-Tablet-Screenshot.png\" alt=\"AIC Tablet iPad screenshot software mobility maintenance\" itemprop=\"image\" height=\"519\" width=\"813\" title=\"AIC Tablet Screenshot\" onerror=\"this.style.display='none'\"  \/>\n<h2>\n\t\tCOMO LO HACEMOS\n\t<\/h2>\n\t\t<h6><a href=\"\/es\/whitepaper\/interactive-parts-catalog-overview\/\" target=\"_self\" rel=\"noopener\">Publicaci\u00f3n<\/a><\/h6>\t\t\n\t\t\t<p>Metanoia&#8217;s world-class service team will create Interactive BOMs from any part catalog format, and AIC offers capabilities for customers to publish themselves.\u00a0 Automation rules king, as Metanoia creates customized processes to automate catalog creation from CAD files and publishing tools.<\/p>\n\t\t<h6><a href=\"\/es\/whitepaper\/interactive-parts-catalog-overview\/\" target=\"_self\" rel=\"noopener\">Syndicate<\/a><\/h6>\t\t\n\t\t\t<p>AIC integra Cat\u00e1logos de Partes Interactivos e informaci\u00f3n de ERP en sitios web, tiendas de comercio electr\u00f3nico y sistemas de gesti\u00f3n de concesionarios. Sus clientes tendr\u00e1n una experiencia perfecta al acceder a toda la informaci\u00f3n que necesitan dentro de una \u00fanica interfaz.<\/p>\n\t\t<h6><a href=\"\/es\/whitepaper\/interactive-parts-catalog-overview\/\" target=\"_self\" rel=\"noopener\">Gesti\u00f3n<\/a><\/h6>\t\t\n\t\t\t<p>AIC est\u00e1 creado espec\u00edficamente para la Gesti\u00f3n de Informaci\u00f3n de Activos, haciendo que los procesos, de otra manera redundantes, sean fluidos. Los usuarios aprovechan su capacidad para actualizar f\u00e1cilmente informaci\u00f3n global o local, rastrear cambios en los n\u00fameros de partes, accesos a garant\u00edas, acceder a informaci\u00f3n ERP en tiempo real, llevar un control de versiones simple y m\u00e1s.<\/p>\n<h2>\n\t\t<a href=\"https:\/\/metanoiacorp.com\/es\/case-study-agco-launches-interactive-parts-viewer-for-dealers\/\" title=\"CASO DE ESTUDIO\" target=\"_self\" rel=\"noopener\">\n\t\tCASO DE ESTUDIO\n\t\t<\/a>\n\t<\/h2>\n\t\t\t<a href=\"https:\/\/metanoiacorp.com\/es\/case-study-agco-launches-interactive-parts-viewer-for-dealers\/\" target=\"_self\" role=\"button\" rel=\"noopener\">\n\t\t\t\t\t\t\tClick Aqu\u00ed\n\t\t\t\t\t<\/a>\n\t<p>Metanoia apoy\u00f3 a un fabricante de equipos originales (OEM) con cat\u00e1logos de partes interactivos para sus m\u00e1s de 10,000 distribuidores, en 16 idiomas, en 60 pa\u00edses.<\/p>","protected":false},"excerpt":{"rendered":"<p>Equipment Manufacturers Asset Information Center (AIC) is an application used by Original Equipment Manufacturers (OEMs) to visualize asset information for customers and dealers.\u00a0 The Interactive Parts System provides a user-friendly environment to identify parts, populate a Shopping Cart, access documents, and generate Sales Orders. Unrivaled Customer Experience AIC provides a shopping experience that modern-day customers&hellip;<\/p>","protected":false},"author":1,"featured_media":0,"parent":23,"menu_order":0,"comment_status":"closed","ping_status":"closed","template":"","meta":{"_seopress_robots_primary_cat":"","_seopress_titles_title":"Equipment Manufacturers","_seopress_titles_desc":"Metanoia provides an Interactive Parts Catalog and content conversion services to transform static parts information into actionable data for maintenance","_seopress_robots_index":"","inline_featured_image":false,"footnotes":""},"tags":[],"class_list":["post-1559","page","type-page","status-publish","hentry"],"_links":{"self":[{"href":"https:\/\/metanoiacorp.com\/es\/wp-json\/wp\/v2\/pages\/1559","targetHints":{"allow":["GET"]}}],"collection":[{"href":"https:\/\/metanoiacorp.com\/es\/wp-json\/wp\/v2\/pages"}],"about":[{"href":"https:\/\/metanoiacorp.com\/es\/wp-json\/wp\/v2\/types\/page"}],"author":[{"embeddable":true,"href":"https:\/\/metanoiacorp.com\/es\/wp-json\/wp\/v2\/users\/1"}],"replies":[{"embeddable":true,"href":"https:\/\/metanoiacorp.com\/es\/wp-json\/wp\/v2\/comments?post=1559"}],"version-history":[{"count":7,"href":"https:\/\/metanoiacorp.com\/es\/wp-json\/wp\/v2\/pages\/1559\/revisions"}],"predecessor-version":[{"id":1806,"href":"https:\/\/metanoiacorp.com\/es\/wp-json\/wp\/v2\/pages\/1559\/revisions\/1806"}],"up":[{"embeddable":true,"href":"https:\/\/metanoiacorp.com\/es\/wp-json\/wp\/v2\/pages\/23"}],"wp:attachment":[{"href":"https:\/\/metanoiacorp.com\/es\/wp-json\/wp\/v2\/media?parent=1559"}],"wp:term":[{"taxonomy":"post_tag","embeddable":true,"href":"https:\/\/metanoiacorp.com\/es\/wp-json\/wp\/v2\/tags?post=1559"}],"curies":[{"name":"wp","href":"https:\/\/api.w.org\/{rel}","templated":true}]}}