{"id":1563,"date":"2019-12-04T21:18:06","date_gmt":"2019-12-04T21:18:06","guid":{"rendered":"http:\/\/sydney.is\/?page_id=1563"},"modified":"2021-05-13T12:38:43","modified_gmt":"2021-05-13T18:38:43","slug":"asset-data-services","status":"publish","type":"page","link":"https:\/\/metanoiacorp.com\/es\/solucion-2\/asset-data-services\/","title":{"rendered":"Servicios de Gesti\u00f3n de Datos de Activos"},"content":{"rendered":"<h5>\n\t\tServicios Integrales de Metanoia\n\t<\/h5>\n<h1>\n\t\tTRANSFORMANDO LO EST\u00c1TICO EN INTERACTIVO\n\t<\/h1>\n\t\t\t\t<img loading=\"lazy\" decoding=\"async\" src=\"https:\/\/metanoiacorp.com\/wp-content\/uploads\/2016\/10\/Tractor-Interactive-Parts-Catalog-Diagram.png\" alt=\"Tractor Transformation Interactive Parts Catalog Diagram\" itemprop=\"image\" height=\"1552\" width=\"3100\" title=\"Tractor Transformation Interactive Parts Catalog Diagram\" onerror=\"this.style.display='none'\"  \/>\n\t<p>Metanoia es la compa\u00f1\u00eda de conversi\u00f3n de cat\u00e1logos m\u00e1s experimentada del mundo. Durante m\u00e1s de 20 a\u00f1os las empresas intensivas en activos han anunciado que Metanoia es el proveedor de servicios referente en lo que respecta la creaci\u00f3n de listas interactivas de materiales (BOM) y cat\u00e1logos de piezas electr\u00f3nicas.<\/p>\n<p>Metanoia transforma los cat\u00e1logos de partes no estructurados (PDF, libros de piezas de papel, archivos CAD, im\u00e1genes y microfichas) en listas de materiales interactivas. Una vez completado, Metanoia combina las nuevas listas de materiales interactivas con un maestro de materiales, lo que crea informaci\u00f3n de gran alcance para la optimizaci\u00f3n del inventario y la gesti\u00f3n de confiabilidad.<\/p>\n\t<h2>R\u00e1pido<\/h2>\n<p>Metanoia ha construido m\u00e1s de 2,000,000 de BOMs interactivos, a partir de cat\u00e1logos de partes est\u00e1ticos, para algunas de las empresas m\u00e1s intensivas en activos del mundo.<\/p>\n<p>Organizations are amazed to find these asset-data transformation projects, which typically require years of Subject Matter Experts&#8217; time) are now accomplished in a matter of weeks or months by an outsourced provider.<\/p>\n\t<h2>Preciso<\/h2>\n<p>Metanoia garantiza una precisi\u00f3n incomparable mediante la implementaci\u00f3n de varios m\u00e9todos de inteligencia, automatizaci\u00f3n y redundancia.<\/p>\n<p>Al crear listas de materiales interactivas, Metanoia recrea f\u00edsicamente todos los datos de las piezas dos veces y se compara con OCR (<a href=\"https:\/\/en.wikipedia.org\/wiki\/Optical_character_recognition\">Optical Character Recognition<\/a>) resultados. Cualquier disparidad entre las tres fuentes de datos es se\u00f1alada e investigada por un experto para garantizar la precisi\u00f3n.<\/p>\n\t<h2>Valioso<\/h2>\n<p>Durante m\u00e1s de 20 a\u00f1os, Metanoia se ha centrado en el desarrollo de listas de materiales interactivas e innovando m\u00e9todos r\u00e1pidos y precisos para crear datos de activos; certeros e inteligentes.<\/p>\n<p>This high level of intelligence and automation, when paired with Metanoia&#8217;s offshore services capabilities (when applicable), provide an extremely cost-effective, yet accurate, service.<\/p>\n\t\t20\n<h5>\n\t\tYears of Service\n\t<\/h5>\n\t\t2,157,000\n<h5>\n\t\tInteractive BOMs Built\n\t<\/h5>\n\t\t16\n<h5>\n\t\tLanguages Supported\n\t<\/h5>\n\t\t128,000\n<h5>\n\t\tClientes Satisfechos\n\t<\/h5>\n<h2>\n\t\tENTREGABLES\n\t<\/h2>\n\t\t<h6><a href=\"\/es\/whitepaper\/interactive-parts-catalog-overview\/\" target=\"_self\" rel=\"noopener\">Listas de Materiales<\/a><\/h6>\t\t\n\t\t\t<p>Metanoia&#8217;s world-class service team will create Interactive BOMs from parts catalogs, CAD files, databases, pictures, and other sources.<\/p>\n<p>Las listas de materiales interactivas se entregan en AIC, pero tambi\u00e9n se pueden exportar como XML y cargar en un ERP \/ CMMS.<\/p>\n\t\t<h6><a href=\"\/es\/whitepaper\/interactive-parts-catalog-overview\/\" target=\"_self\" rel=\"noopener\">Diagramas Interactivos<\/a><\/h6>\t\t\n\t\t\t<p>AIC proporciona una f\u00e1cil navegaci\u00f3n de los diagramas de partes, con la capacidad de interactuar con un mouse o una pantalla t\u00e1ctil para explorar diagramas de vista explosionados.<\/p>\n<p>Los usuarios hacen clic en las zonas de la imagen directamente sobre un diagrama de partes para seleccionar la parte correspondiente en una lista de materiales, ver la informaci\u00f3n de ERP asociada y agregarla sin problemas a una lista de selecci\u00f3n.<\/p>\n\t\t<h6><a href=\"\/es\/whitepaper\/interactive-parts-catalog-overview\/\" target=\"_self\" rel=\"noopener\">Trabajo en Equipo<\/a><\/h6>\t\t\n\t\t\t<p>Los clientes de Metanoia pueden desprenderse del trabajo de creaci\u00f3n de informaci\u00f3n de activos y cualquier cambio continuo que se produzca en los datos de activos. Entregando ese trabajo a Metanoia.<\/p>\n<p>Con los servicios de Metanoia, las organizaciones siempre encuentran sus datos de activos precisos y actualizados, con requisitos m\u00ednimos de recursos.<\/p>\n<p>&nbsp;<\/p>\n\t\t\t\t<img loading=\"lazy\" decoding=\"async\" src=\"https:\/\/metanoiacorp.com\/wp-content\/uploads\/2017\/09\/Old-Paper-Parts-Catalog-Banner.png\" alt=\"Paper parts catalog old PDF physical mound analog asset management maintenance\" itemprop=\"image\" height=\"1056\" width=\"2031\" title=\"Old Paper Parts Catalog Banner\" onerror=\"this.style.display='none'\"  \/>","protected":false},"excerpt":{"rendered":"<p>Metanoia Asset Data Services TRANSFORM STATIC INTO INTERACTIVE Metanoia is the most experienced catalog conversion agency in the world. \u00a0For over 20 years, asset-intensive businesses have heralded Metanoia as the go-to service provider for the creation of Interactive Bills of Materials (BOMs) and electronic parts catalogs. Metanoia transforms unstructured parts catalogs (PDFs, paper parts books,&hellip;<\/p>","protected":false},"author":1,"featured_media":0,"parent":23,"menu_order":0,"comment_status":"closed","ping_status":"closed","template":"","meta":{"_seopress_robots_primary_cat":"","_seopress_titles_title":"Asset Information Center Solution","_seopress_titles_desc":"Metanoia provides an Interactive Parts Catalog and content conversion services to transform static parts information into actionable data for maintenance","_seopress_robots_index":"","inline_featured_image":false,"footnotes":""},"tags":[],"class_list":["post-1563","page","type-page","status-publish","hentry"],"_links":{"self":[{"href":"https:\/\/metanoiacorp.com\/es\/wp-json\/wp\/v2\/pages\/1563","targetHints":{"allow":["GET"]}}],"collection":[{"href":"https:\/\/metanoiacorp.com\/es\/wp-json\/wp\/v2\/pages"}],"about":[{"href":"https:\/\/metanoiacorp.com\/es\/wp-json\/wp\/v2\/types\/page"}],"author":[{"embeddable":true,"href":"https:\/\/metanoiacorp.com\/es\/wp-json\/wp\/v2\/users\/1"}],"replies":[{"embeddable":true,"href":"https:\/\/metanoiacorp.com\/es\/wp-json\/wp\/v2\/comments?post=1563"}],"version-history":[{"count":7,"href":"https:\/\/metanoiacorp.com\/es\/wp-json\/wp\/v2\/pages\/1563\/revisions"}],"predecessor-version":[{"id":1767,"href":"https:\/\/metanoiacorp.com\/es\/wp-json\/wp\/v2\/pages\/1563\/revisions\/1767"}],"up":[{"embeddable":true,"href":"https:\/\/metanoiacorp.com\/es\/wp-json\/wp\/v2\/pages\/23"}],"wp:attachment":[{"href":"https:\/\/metanoiacorp.com\/es\/wp-json\/wp\/v2\/media?parent=1563"}],"wp:term":[{"taxonomy":"post_tag","embeddable":true,"href":"https:\/\/metanoiacorp.com\/es\/wp-json\/wp\/v2\/tags?post=1563"}],"curies":[{"name":"wp","href":"https:\/\/api.w.org\/{rel}","templated":true}]}}