{"id":162,"date":"2016-10-11T10:31:48","date_gmt":"2016-10-11T10:31:48","guid":{"rendered":"http:\/\/sydney.is\/samplesite\/?page_id=162"},"modified":"2025-06-24T22:40:21","modified_gmt":"2025-06-25T04:40:21","slug":"home","status":"publish","type":"page","link":"https:\/\/metanoiacorp.com\/es\/","title":{"rendered":"Inicio"},"content":{"rendered":"<h1>\n\t\t\tUn Enfoque Gr\u00e1fico\t<\/h1>\n<h3>\n\t\t\tal Mantenimiento y a la Confiabilidad\t<\/h3>\n\t\t\t\t<img decoding=\"async\" src=\"https:\/\/metanoiacorp.com\/wp-content\/uploads\/2016\/10\/AIC-Tablet-Screenshot-2.png\" alt=\"AIC-Tablet-Screenshot.png\" itemprop=\"image\" height=\"519\" width=\"813\" title=\"AIC-Tablet-Screenshot.png\" onerror=\"this.style.display='none'\" loading='lazy' \/>\n\t<h3>\n\t\t\t\tLo que hacemos\n\t\t\t<\/h3>\n\t\t\t<p>Metanoia transforms the way businesses create, manage and identify asset information with a unique combination of Software and Services.\u00a0 Metanoia builds Interactive Bills of Materials (BOMs) which are easily accessed in our Interactive Parts System, Asset Information Center (AIC).\u00a0In order to effectively maintain or support complex assets, companies require seamless access to many types of data, including; parts diagrams, maintenance instructions, operations manuals, warranty information, stock on hand, and other information in siloed systems.\u00a0 AIC works in conjunction with ERP\/CMMS systems, to centralize this asset data in an Interactive Parts System, which is custom-built for each client.\u00a0With specialized offerings for Operators and Equipment Manufacturers alike, Metanoia provides a range of benefits for Asset Information Management.<\/p>\t\n\t<h2>Identifica<\/h2>\n\n<p>Utilice un ambiente \u201ctipo Google\u201d para encontrar f\u00e1cilmente un equipo y navegue a trav\u00e9s de diagramas de despiece detallados para encontrar el repuesto correcto.<\/p>\n\t<h2>Mayor Eficiencia<\/h2>\n\n<p>Reduzca en un 70% el tiempo necesario para identificar y cargar repuestos a \u00d3rdenes de Trabajo. El uso de im\u00e1genes permite evitar \u00f3rdenes incorrectas de partes.<\/p>\n\t<h2>Refina<\/h2>\n\n<p>Reduzca los niveles de inventario, gracias a los reportes de tipo \"Where-Used\", que le permiten conocer r\u00e1pidamente si ciertos repuestos son utilizados en uno o m\u00e1s equipos.<\/p>\n\t\t\t\t<img decoding=\"async\" src=\"https:\/\/metanoiacorp.com\/wp-content\/uploads\/2016\/10\/devices-grey.jpg\" alt=\"devices grey\" title=\"devices grey\" itemprop=\"image\"\/>\n\t\t\t<h6>Digitalice su planta con nuestros<\/h6><h3>Servicios de Conversi\u00f3n de Cat\u00e1logos<\/h3>\t\t\t\n\t\t\t\t<p>En los \u00faltimos 16 a\u00f1os hemos publicado m\u00e1s Cat\u00e1logos de Partes Interactivos que ninguna otra empresa en el mundo.  Metanoia convierte cat\u00e1logos de partes ya existentes, a un formato interactivo con nuestro servicio profesional de nivel mundial.<\/p>\n\t\t\t<h6>Leverage the World&#8217;s leading<\/h6><h3>Interactive BOMs<\/h3>\t\t\t\n\t\t\t\t<p>Metanoia&#8217;s flagship application, Asset Information Center (AIC), breaks down siloes and aggregates asset data into a flexible and user-friendly system.<\/p>\n\t\t\t<h6>World Class Security with<\/h6><h3>SOC 2 Compliance<\/h3>\t\t\n\t\t\t\t<img decoding=\"async\" src=\"https:\/\/metanoiacorp.com\/wp-content\/uploads\/2025\/02\/SOC-2.png\" alt=\"SOC 2\" title=\"SOC 2\" itemprop=\"image\"\/>\n\t\t\t\t<img decoding=\"async\" src=\"https:\/\/metanoiacorp.com\/wp-content\/uploads\/2016\/10\/AIC-logo-only.png\" alt=\"Asset Information Center AIC Interatctive Parts Catalog IPC software\" title=\"AIC Logo\" itemprop=\"image\"\/>\n\t\t<h3>Asset Information Center<\/h3>\t\t\t\n\t\t\t\t<p>Avent\u00farese y vea c\u00f3mo AIC  transforma los procesos de\nMantenimiento, Reparaciones y Operaci\u00f3n.<\/p>\n\t\t\t<a href=\"\/es\/solucion-2\/\" title=\"Click Aqu\u00ed\" target=\"_self\"   role=\"button\" aria-label=\"Ver m\u00e1s\">\n\t\t\t\t\t\t\tVer m\u00e1s\n\t\t<\/a>","protected":false},"excerpt":{"rendered":"<p>An Interactive Approach to Asset Information Management WHAT WE DO Metanoia transforms the way businesses create, manage and identify asset information with a unique combination of Software and Services.\u00a0 Metanoia builds Interactive Bills of Materials (BOMs) which are easily accessed in our Interactive Parts System, Asset Information Center (AIC).\u00a0In order to effectively maintain or support&hellip;<\/p>","protected":false},"author":121,"featured_media":0,"parent":0,"menu_order":0,"comment_status":"closed","ping_status":"closed","template":"","meta":{"_seopress_robots_primary_cat":"","_seopress_titles_title":"","_seopress_titles_desc":"Asset Information Center (AIC) is an Interactive Parts System used to Identify, Optimize, and Refine asset data for Operators and Equipment Manufacturers","_seopress_robots_index":"","inline_featured_image":false,"footnotes":""},"tags":[],"class_list":["post-162","page","type-page","status-publish","hentry"],"_links":{"self":[{"href":"https:\/\/metanoiacorp.com\/es\/wp-json\/wp\/v2\/pages\/162","targetHints":{"allow":["GET"]}}],"collection":[{"href":"https:\/\/metanoiacorp.com\/es\/wp-json\/wp\/v2\/pages"}],"about":[{"href":"https:\/\/metanoiacorp.com\/es\/wp-json\/wp\/v2\/types\/page"}],"author":[{"embeddable":true,"href":"https:\/\/metanoiacorp.com\/es\/wp-json\/wp\/v2\/users\/121"}],"replies":[{"embeddable":true,"href":"https:\/\/metanoiacorp.com\/es\/wp-json\/wp\/v2\/comments?post=162"}],"version-history":[{"count":20,"href":"https:\/\/metanoiacorp.com\/es\/wp-json\/wp\/v2\/pages\/162\/revisions"}],"predecessor-version":[{"id":1988,"href":"https:\/\/metanoiacorp.com\/es\/wp-json\/wp\/v2\/pages\/162\/revisions\/1988"}],"wp:attachment":[{"href":"https:\/\/metanoiacorp.com\/es\/wp-json\/wp\/v2\/media?parent=162"}],"wp:term":[{"taxonomy":"post_tag","embeddable":true,"href":"https:\/\/metanoiacorp.com\/es\/wp-json\/wp\/v2\/tags?post=162"}],"curies":[{"name":"wp","href":"https:\/\/api.w.org\/{rel}","templated":true}]}}