{"id":23,"date":"2016-10-07T07:08:45","date_gmt":"2016-10-07T07:08:45","guid":{"rendered":"http:\/\/sydney.is\/samplesite\/?page_id=23"},"modified":"2020-01-17T19:48:33","modified_gmt":"2020-01-17T19:48:33","slug":"solucion-2","status":"publish","type":"page","link":"https:\/\/metanoiacorp.com\/es\/solucion-2\/","title":{"rendered":"Soluci\u00f3n"},"content":{"rendered":"<img decoding=\"async\" src=\"https:\/\/metanoiacorp.com\/wp-content\/uploads\/2016\/10\/AIC-new.png\" alt=\"Asset Information Center AIC Logo Interactive Parts Catalog Graphical\" title=\"AIC Logo Asset Information Center\" \/>\n<h1>\n\t\tSOLUCIONES METANOIA\n\t<\/h1>\n\t<p>La plataforma Asset Information Center (AIC) es una soluci\u00f3n interactiva de partes usada por operadores y fabricantes de equipos (OEM en Ingl\u00e9s). Espec\u00edficamente construida para la Gesti\u00f3n de Informaci\u00f3n de Activos, la herramienta simplifica la identificaci\u00f3n, gesti\u00f3n y consumo de informaci\u00f3n de activos<\/p>\n<p>Te invitamos a ver este breve video introductorio y visitar nuestra p\u00e1gina de Soluciones para mayor informaci\u00f3n<\/p>\n\t\t\t\t<img decoding=\"async\" src=\"https:\/\/metanoiacorp.com\/wp-content\/uploads\/2020\/01\/Coca-Cola-Bottling-plant_square.jpg\" alt=\"Coca Cola Bottling plant_square\" title=\"Coca Cola Bottling plant_square\" \/>\n\t\t<h6><a href=\"https:\/\/metanoiacorp.com\/es\/solucion-2\/operators\/\" target=\"_self\" rel=\"noopener noreferrer\">AIC para Operaciones<\/a><\/h6>\t\t\n\t\t\t<p>Operadores usan AIC para identificar f\u00e1cilmente, Optimizar y Refinar la informaci\u00f3n de activos en sus operaciones<\/p>\n\t\t\t\t<img decoding=\"async\" src=\"https:\/\/metanoiacorp.com\/wp-content\/uploads\/2020\/01\/AGCO-Parts-Book-banner_Square.jpg\" alt=\"AGCO Parts Book banner_Square\" title=\"AGCO Parts Book banner_Square\" \/>\n\t\t<h6><a href=\"https:\/\/metanoiacorp.com\/es\/solucion-2\/equipment-manufacturers\/\" target=\"_self\" rel=\"noopener noreferrer\">AIC para Fabricantes de Equipos<\/a><\/h6>\t\t\n\t\t\t<p>Fabricantes de Equipos usan AIC para proveer informaci\u00f3n de activos a sus clientes y distribuidores.<\/p>\n\t\t\t\t<img decoding=\"async\" src=\"https:\/\/metanoiacorp.com\/wp-content\/uploads\/2020\/01\/Old-Paper-Parts-Catalogs_square.jpg\" alt=\"Old Paper Parts Catalogs_square\" title=\"Old Paper Parts Catalogs_square\" \/>\n\t\t<h6><a href=\"https:\/\/metanoiacorp.com\/es\/solucion-2\/asset-data-services\/\" target=\"_self\" rel=\"noopener noreferrer\">Servicios de Gesti\u00f3n de Datos de Activos<\/a><\/h6>\t\t\n\t\t\t<p>Metanoia se especializa en construir BOM interactivos y cat\u00e1logos de partes desde varias fuentes de informaci\u00f3n, incluyendo; PDFs, Archivos 3D CAD, cat\u00e1logos de papel, y m\u00e1s.<\/p>","protected":false},"excerpt":{"rendered":"<p>METANOIA SOLUTIONS Asset Information Center (AIC) is an Interactive Parts Solution used by Operators and Original Equipment Manufacturers (OEMs).\u00a0 Purpose-built for Asset Information Management, the tool makes it easy to identify, manage, and consume asset information. Please take a look at this brief intro video, and visit our Solution pages for further information. AIC for&hellip;<\/p>","protected":false},"author":121,"featured_media":0,"parent":0,"menu_order":0,"comment_status":"closed","ping_status":"closed","template":"","meta":{"_seopress_robots_primary_cat":"","_seopress_titles_title":"Asset Information Center Solution","_seopress_titles_desc":"Metanoia provides an Interactive Parts Catalog and content conversion services to transform static parts information into actionable data for maintenance","_seopress_robots_index":"","inline_featured_image":false,"footnotes":""},"tags":[],"class_list":["post-23","page","type-page","status-publish","hentry"],"_links":{"self":[{"href":"https:\/\/metanoiacorp.com\/es\/wp-json\/wp\/v2\/pages\/23","targetHints":{"allow":["GET"]}}],"collection":[{"href":"https:\/\/metanoiacorp.com\/es\/wp-json\/wp\/v2\/pages"}],"about":[{"href":"https:\/\/metanoiacorp.com\/es\/wp-json\/wp\/v2\/types\/page"}],"author":[{"embeddable":true,"href":"https:\/\/metanoiacorp.com\/es\/wp-json\/wp\/v2\/users\/121"}],"replies":[{"embeddable":true,"href":"https:\/\/metanoiacorp.com\/es\/wp-json\/wp\/v2\/comments?post=23"}],"version-history":[{"count":3,"href":"https:\/\/metanoiacorp.com\/es\/wp-json\/wp\/v2\/pages\/23\/revisions"}],"predecessor-version":[{"id":1624,"href":"https:\/\/metanoiacorp.com\/es\/wp-json\/wp\/v2\/pages\/23\/revisions\/1624"}],"wp:attachment":[{"href":"https:\/\/metanoiacorp.com\/es\/wp-json\/wp\/v2\/media?parent=23"}],"wp:term":[{"taxonomy":"post_tag","embeddable":true,"href":"https:\/\/metanoiacorp.com\/es\/wp-json\/wp\/v2\/tags?post=23"}],"curies":[{"name":"wp","href":"https:\/\/api.w.org\/{rel}","templated":true}]}}